{"id":2327,"date":"2025-10-29T12:05:08","date_gmt":"2025-10-29T12:05:08","guid":{"rendered":"https:\/\/www.ginjamariquinhas.com\/?page_id=2327"},"modified":"2025-10-29T12:15:08","modified_gmt":"2025-10-29T12:15:08","slug":"termos-e-condicoes-da-mariquinhas-experience-factory","status":"publish","type":"page","link":"https:\/\/www.ginjamariquinhas.com\/en\/termos-e-condicoes-da-mariquinhas-experience-factory\/","title":{"rendered":"Terms and Conditions of the Mariquinhas Experience Factory."},"content":{"rendered":"<div data-elementor-type=\"wp-page\" data-elementor-id=\"2327\" class=\"elementor elementor-2327\">\n\t\t\t\t<div class=\"elementor-element elementor-element-3dcdc5a e-flex e-con-boxed e-con e-parent\" data-id=\"3dcdc5a\" data-element_type=\"container\" data-e-type=\"container\" data-settings=\"{&quot;jet_parallax_layout_list&quot;:[]}\">\n\t\t\t\t\t<div class=\"e-con-inner\">\n\t\t\t\t<div class=\"elementor-element elementor-element-cf8412b elementor-widget elementor-widget-heading\" data-id=\"cf8412b\" data-element_type=\"widget\" data-e-type=\"widget\" data-widget_type=\"heading.default\">\n\t\t\t\t<div class=\"elementor-widget-container\">\n\t\t\t\t\t<style>.elementor-element-cf8412b{display:none !important}<\/style>\t\t\t\t<\/div>\n\t\t\t\t<\/div>\n\t\t\t\t<div class=\"elementor-element elementor-element-3189461 elementor-widget elementor-widget-heading\" data-id=\"3189461\" data-element_type=\"widget\" data-e-type=\"widget\" data-widget_type=\"heading.default\">\n\t\t\t\t<div class=\"elementor-widget-container\">\n\t\t\t\t\t<h2 class=\"elementor-heading-title elementor-size-default\">Terms and Conditions of Mariquinhas Experience Factory<\/h2>\t\t\t\t<\/div>\n\t\t\t\t<\/div>\n\t\t\t\t<div class=\"elementor-element elementor-element-e876b99 elementor-widget elementor-widget-text-editor\" data-id=\"e876b99\" data-element_type=\"widget\" data-e-type=\"widget\" data-widget_type=\"text-editor.default\">\n\t\t\t\t<div class=\"elementor-widget-container\">\n\t\t\t\t\t<style>.elementor-element-e876b99{display:none !important}<\/style>\t\t\t\t<\/div>\n\t\t\t\t<\/div>\n\t\t\t\t<div class=\"elementor-element elementor-element-d476255 elementor-widget elementor-widget-text-editor\" data-id=\"d476255\" data-element_type=\"widget\" data-e-type=\"widget\" data-widget_type=\"text-editor.default\">\n\t\t\t\t<div class=\"elementor-widget-container\">\n\t\t\t\t\t\t\t\t\t<p>\u23f1 <strong>Duration<\/strong><\/p><p>Approximately 2 hours<\/p><p>\ud83d\udcc5 <strong>Available times<\/strong><\/p><p>Monday to Friday<br \/>\u2022 Morning: 10:00 a.m.<br \/>\u2022 Afternoon: 3:00 p.m.<br \/>(Weekends and holidays upon request)<\/p><p>\ud83d\udc65 General conditions<\/p><p>\u2022 Groups of up to 40 participants<br \/>\u2022 Tastings available only for adults (18+)<br \/>\u2022 Languages: Portuguese and English<\/p><p>\ud83c\udf52 <strong>Available experiences<\/strong><\/p><p>Basic \u2013 \u20ac5.00 per person<br \/>Includes a tasting of Traditional Ginja (served in a shot glass or chocolate cup) + a complimentary 40ml Mariquinhas miniature.<\/p><p>Standard \u2013 \u20ac12.50 per person<br \/>Includes a tasting of Selected Harvest + a tasting of Blended Edition 2019 + a complimentary 40ml Mariquinhas miniature.<\/p><p>Premium \u2013 \u20ac19.00 per person<br \/>Includes a tasting of Selected Harvest, a tasting of Blended Edition 2019, and a tasting of Special Edition 2018 + a complimentary 40ml Mariquinhas miniature.<\/p><p>Minors: free (no tasting).<\/p><p><strong>\ud83d\udccd Location<\/strong><\/p><p>Ginja Mariquinhas<br \/>Rua do Sol Nascente, Fraction A\/B, Lot 6 \u2013 Ponte Seca<br \/>2510-701 Gaeiras, \u00d3bidos, Portugal<\/p><p>\u2139\ufe0f <strong>Cancellation policy<\/strong><\/p><p>\u2022 Free cancellation with refund up to 72 hours in advance<\/p><p>\ud83d\udcb3 <strong>Payment at the Factory Store<\/strong><\/p><p>\u2022 Cash, Multibanco, Visa, and Mastercard<\/p><p>\ud83c\udd7f\ufe0f<strong> Parking<\/strong><\/p><p>\u2022 Public and free of charge<\/p><p>\u267f <strong>Accessibility<\/strong><\/p><p>\u2022 Facilities suitable for people with reduced mobility<br \/>\u2022 Restrooms available<\/p>\t\t\t\t\t\t\t\t<\/div>\n\t\t\t\t<\/div>\n\t\t\t\t\t<\/div>\n\t\t\t\t<\/div>\n\t\t\t\t<\/div>","protected":false},"excerpt":{"rendered":"<p>Termos e Condi\u00e7\u00f5es da Mariquinhas Experience Factory \u23f1 Dura\u00e7\u00e3o Aproximadamente 2 horas \ud83d\udcc5 Hor\u00e1rios dispon\u00edveis De segunda a sexta-feira Manh\u00e3: 10h00 Tarde: 15h00(Aos fins de semana e feriados mediante consulta: visitas@licobidos.com) \ud83d\udc65 Condi\u00e7\u00f5es gerais Grupo at\u00e9 40 participantes Provas dispon\u00edveis apenas para maiores de 18 anos Idiomas: portugu\u00eas e ingl\u00eas \ud83c\udf52 Experi\u00eancias dispon\u00edveis Basic \u2013 [&hellip;]<\/p>\n","protected":false},"author":2,"featured_media":0,"parent":0,"menu_order":0,"comment_status":"closed","ping_status":"closed","template":"","meta":{"footnotes":""},"class_list":["post-2327","page","type-page","status-publish","hentry"],"yoast_head":"<!-- This site is optimized with the Yoast SEO plugin v27.5 - https:\/\/yoast.com\/product\/yoast-seo-wordpress\/ -->\n<title>Termos e Condi\u00e7\u00f5es da Mariquinhas Experience Factory - Ginja Mariquinhas<\/title>\n<meta name=\"robots\" content=\"index, follow, max-snippet:-1, max-image-preview:large, max-video-preview:-1\" \/>\n<link rel=\"canonical\" href=\"https:\/\/www.ginjamariquinhas.com\/en\/termos-e-condicoes-da-mariquinhas-experience-factory\/\" \/>\n<meta property=\"og:locale\" content=\"en_GB\" \/>\n<meta property=\"og:type\" content=\"article\" \/>\n<meta property=\"og:title\" content=\"Termos e Condi\u00e7\u00f5es da Mariquinhas Experience Factory - Ginja Mariquinhas\" \/>\n<meta property=\"og:description\" content=\"Termos e Condi\u00e7\u00f5es da Mariquinhas Experience Factory \u23f1 Dura\u00e7\u00e3o Aproximadamente 2 horas \ud83d\udcc5 Hor\u00e1rios dispon\u00edveis De segunda a sexta-feira Manh\u00e3: 10h00 Tarde: 15h00(Aos fins de semana e feriados mediante consulta: visitas@licobidos.com) \ud83d\udc65 Condi\u00e7\u00f5es gerais Grupo at\u00e9 40 participantes Provas dispon\u00edveis apenas para maiores de 18 anos Idiomas: portugu\u00eas e ingl\u00eas \ud83c\udf52 Experi\u00eancias dispon\u00edveis Basic \u2013 [&hellip;]\" \/>\n<meta property=\"og:url\" content=\"https:\/\/www.ginjamariquinhas.com\/en\/termos-e-condicoes-da-mariquinhas-experience-factory\/\" \/>\n<meta property=\"og:site_name\" content=\"Ginja Mariquinhas\" \/>\n<meta property=\"article:publisher\" content=\"https:\/\/www.facebook.com\/ginjamariquinhas\" \/>\n<meta property=\"article:modified_time\" content=\"2025-10-29T12:15:08+00:00\" \/>\n<meta name=\"twitter:card\" content=\"summary_large_image\" \/>\n<meta name=\"twitter:label1\" content=\"Estimated reading time\" \/>\n\t<meta name=\"twitter:data1\" content=\"6 minutes\" \/>\n<script type=\"application\/ld+json\" class=\"yoast-schema-graph\">{\"@context\":\"https:\\\/\\\/schema.org\",\"@graph\":[{\"@type\":\"WebPage\",\"@id\":\"https:\\\/\\\/www.ginjamariquinhas.com\\\/termos-e-condicoes-da-mariquinhas-experience-factory\\\/\",\"url\":\"https:\\\/\\\/www.ginjamariquinhas.com\\\/termos-e-condicoes-da-mariquinhas-experience-factory\\\/\",\"name\":\"Termos e Condi\u00e7\u00f5es da Mariquinhas Experience Factory - Ginja Mariquinhas\",\"isPartOf\":{\"@id\":\"https:\\\/\\\/www.ginjamariquinhas.com\\\/#website\"},\"datePublished\":\"2025-10-29T12:05:08+00:00\",\"dateModified\":\"2025-10-29T12:15:08+00:00\",\"breadcrumb\":{\"@id\":\"https:\\\/\\\/www.ginjamariquinhas.com\\\/termos-e-condicoes-da-mariquinhas-experience-factory\\\/#breadcrumb\"},\"inLanguage\":\"en-GB\",\"potentialAction\":[{\"@type\":\"ReadAction\",\"target\":[\"https:\\\/\\\/www.ginjamariquinhas.com\\\/termos-e-condicoes-da-mariquinhas-experience-factory\\\/\"]}]},{\"@type\":\"BreadcrumbList\",\"@id\":\"https:\\\/\\\/www.ginjamariquinhas.com\\\/termos-e-condicoes-da-mariquinhas-experience-factory\\\/#breadcrumb\",\"itemListElement\":[{\"@type\":\"ListItem\",\"position\":1,\"name\":\"In\u00edcio\",\"item\":\"https:\\\/\\\/www.ginjamariquinhas.com\\\/\"},{\"@type\":\"ListItem\",\"position\":2,\"name\":\"Termos e Condi\u00e7\u00f5es da Mariquinhas Experience Factory\"}]},{\"@type\":\"WebSite\",\"@id\":\"https:\\\/\\\/www.ginjamariquinhas.com\\\/#website\",\"url\":\"https:\\\/\\\/www.ginjamariquinhas.com\\\/\",\"name\":\"Ginja Mariquinhas\",\"description\":\"Licor de Ginja 100% Portugu\u00eas\",\"publisher\":{\"@id\":\"https:\\\/\\\/www.ginjamariquinhas.com\\\/#organization\"},\"potentialAction\":[{\"@type\":\"SearchAction\",\"target\":{\"@type\":\"EntryPoint\",\"urlTemplate\":\"https:\\\/\\\/www.ginjamariquinhas.com\\\/?s={search_term_string}\"},\"query-input\":{\"@type\":\"PropertyValueSpecification\",\"valueRequired\":true,\"valueName\":\"search_term_string\"}}],\"inLanguage\":\"en-GB\"},{\"@type\":\"Organization\",\"@id\":\"https:\\\/\\\/www.ginjamariquinhas.com\\\/#organization\",\"name\":\"Ginja Mariquinhas\",\"url\":\"https:\\\/\\\/www.ginjamariquinhas.com\\\/\",\"logo\":{\"@type\":\"ImageObject\",\"inLanguage\":\"en-GB\",\"@id\":\"https:\\\/\\\/www.ginjamariquinhas.com\\\/#\\\/schema\\\/logo\\\/image\\\/\",\"url\":\"https:\\\/\\\/www.ginjamariquinhas.com\\\/wp-content\\\/uploads\\\/2023\\\/11\\\/ginja-mariquinhas-logo-cor@2x.png\",\"contentUrl\":\"https:\\\/\\\/www.ginjamariquinhas.com\\\/wp-content\\\/uploads\\\/2023\\\/11\\\/ginja-mariquinhas-logo-cor@2x.png\",\"width\":699,\"height\":507,\"caption\":\"Ginja Mariquinhas\"},\"image\":{\"@id\":\"https:\\\/\\\/www.ginjamariquinhas.com\\\/#\\\/schema\\\/logo\\\/image\\\/\"},\"sameAs\":[\"https:\\\/\\\/www.facebook.com\\\/ginjamariquinhas\",\"https:\\\/\\\/www.instagram.com\\\/ginjamariquinhas\\\/\"]}]}<\/script>\n<!-- \/ Yoast SEO plugin. -->","yoast_head_json":{"title":"Termos e Condi\u00e7\u00f5es da Mariquinhas Experience Factory - Ginja Mariquinhas","robots":{"index":"index","follow":"follow","max-snippet":"max-snippet:-1","max-image-preview":"max-image-preview:large","max-video-preview":"max-video-preview:-1"},"canonical":"https:\/\/www.ginjamariquinhas.com\/en\/termos-e-condicoes-da-mariquinhas-experience-factory\/","og_locale":"en_GB","og_type":"article","og_title":"Termos e Condi\u00e7\u00f5es da Mariquinhas Experience Factory - Ginja Mariquinhas","og_description":"Termos e Condi\u00e7\u00f5es da Mariquinhas Experience Factory \u23f1 Dura\u00e7\u00e3o Aproximadamente 2 horas \ud83d\udcc5 Hor\u00e1rios dispon\u00edveis De segunda a sexta-feira Manh\u00e3: 10h00 Tarde: 15h00(Aos fins de semana e feriados mediante consulta: visitas@licobidos.com) \ud83d\udc65 Condi\u00e7\u00f5es gerais Grupo at\u00e9 40 participantes Provas dispon\u00edveis apenas para maiores de 18 anos Idiomas: portugu\u00eas e ingl\u00eas \ud83c\udf52 Experi\u00eancias dispon\u00edveis Basic \u2013 [&hellip;]","og_url":"https:\/\/www.ginjamariquinhas.com\/en\/termos-e-condicoes-da-mariquinhas-experience-factory\/","og_site_name":"Ginja Mariquinhas","article_publisher":"https:\/\/www.facebook.com\/ginjamariquinhas","article_modified_time":"2025-10-29T12:15:08+00:00","twitter_card":"summary_large_image","twitter_misc":{"Estimated reading time":"6 minutes"},"schema":{"@context":"https:\/\/schema.org","@graph":[{"@type":"WebPage","@id":"https:\/\/www.ginjamariquinhas.com\/termos-e-condicoes-da-mariquinhas-experience-factory\/","url":"https:\/\/www.ginjamariquinhas.com\/termos-e-condicoes-da-mariquinhas-experience-factory\/","name":"Termos e Condi\u00e7\u00f5es da Mariquinhas Experience Factory - Ginja Mariquinhas","isPartOf":{"@id":"https:\/\/www.ginjamariquinhas.com\/#website"},"datePublished":"2025-10-29T12:05:08+00:00","dateModified":"2025-10-29T12:15:08+00:00","breadcrumb":{"@id":"https:\/\/www.ginjamariquinhas.com\/termos-e-condicoes-da-mariquinhas-experience-factory\/#breadcrumb"},"inLanguage":"en-GB","potentialAction":[{"@type":"ReadAction","target":["https:\/\/www.ginjamariquinhas.com\/termos-e-condicoes-da-mariquinhas-experience-factory\/"]}]},{"@type":"BreadcrumbList","@id":"https:\/\/www.ginjamariquinhas.com\/termos-e-condicoes-da-mariquinhas-experience-factory\/#breadcrumb","itemListElement":[{"@type":"ListItem","position":1,"name":"In\u00edcio","item":"https:\/\/www.ginjamariquinhas.com\/"},{"@type":"ListItem","position":2,"name":"Termos e Condi\u00e7\u00f5es da Mariquinhas Experience Factory"}]},{"@type":"WebSite","@id":"https:\/\/www.ginjamariquinhas.com\/#website","url":"https:\/\/www.ginjamariquinhas.com\/","name":"Ginja Mariquinhas","description":"Licor de Ginja 100% Portugu\u00eas","publisher":{"@id":"https:\/\/www.ginjamariquinhas.com\/#organization"},"potentialAction":[{"@type":"SearchAction","target":{"@type":"EntryPoint","urlTemplate":"https:\/\/www.ginjamariquinhas.com\/?s={search_term_string}"},"query-input":{"@type":"PropertyValueSpecification","valueRequired":true,"valueName":"search_term_string"}}],"inLanguage":"en-GB"},{"@type":"Organization","@id":"https:\/\/www.ginjamariquinhas.com\/#organization","name":"Ginja Mariquinhas","url":"https:\/\/www.ginjamariquinhas.com\/","logo":{"@type":"ImageObject","inLanguage":"en-GB","@id":"https:\/\/www.ginjamariquinhas.com\/#\/schema\/logo\/image\/","url":"https:\/\/www.ginjamariquinhas.com\/wp-content\/uploads\/2023\/11\/ginja-mariquinhas-logo-cor@2x.png","contentUrl":"https:\/\/www.ginjamariquinhas.com\/wp-content\/uploads\/2023\/11\/ginja-mariquinhas-logo-cor@2x.png","width":699,"height":507,"caption":"Ginja Mariquinhas"},"image":{"@id":"https:\/\/www.ginjamariquinhas.com\/#\/schema\/logo\/image\/"},"sameAs":["https:\/\/www.facebook.com\/ginjamariquinhas","https:\/\/www.instagram.com\/ginjamariquinhas\/"]}]}},"_links":{"self":[{"href":"https:\/\/www.ginjamariquinhas.com\/en\/wp-json\/wp\/v2\/pages\/2327","targetHints":{"allow":["GET"]}}],"collection":[{"href":"https:\/\/www.ginjamariquinhas.com\/en\/wp-json\/wp\/v2\/pages"}],"about":[{"href":"https:\/\/www.ginjamariquinhas.com\/en\/wp-json\/wp\/v2\/types\/page"}],"author":[{"embeddable":true,"href":"https:\/\/www.ginjamariquinhas.com\/en\/wp-json\/wp\/v2\/users\/2"}],"replies":[{"embeddable":true,"href":"https:\/\/www.ginjamariquinhas.com\/en\/wp-json\/wp\/v2\/comments?post=2327"}],"version-history":[{"count":8,"href":"https:\/\/www.ginjamariquinhas.com\/en\/wp-json\/wp\/v2\/pages\/2327\/revisions"}],"predecessor-version":[{"id":2336,"href":"https:\/\/www.ginjamariquinhas.com\/en\/wp-json\/wp\/v2\/pages\/2327\/revisions\/2336"}],"wp:attachment":[{"href":"https:\/\/www.ginjamariquinhas.com\/en\/wp-json\/wp\/v2\/media?parent=2327"}],"curies":[{"name":"wp","href":"https:\/\/api.w.org\/{rel}","templated":true}]}}