{"id":3,"date":"2023-11-14T10:01:22","date_gmt":"2023-11-14T10:01:22","guid":{"rendered":"https:\/\/www.ginjamariquinhas.com\/?page_id=3"},"modified":"2023-11-29T09:52:29","modified_gmt":"2023-11-29T09:52:29","slug":"politica-de-privacidade","status":"publish","type":"page","link":"https:\/\/www.ginjamariquinhas.com\/en\/politica-de-privacidade\/","title":{"rendered":"Privacy Policy"},"content":{"rendered":"<div data-elementor-type=\"wp-page\" data-elementor-id=\"3\" class=\"elementor elementor-3\">\n\t\t\t\t<div class=\"elementor-element elementor-element-47296c77 e-flex e-con-boxed e-con e-parent\" data-id=\"47296c77\" data-element_type=\"container\" data-e-type=\"container\" data-settings=\"{&quot;jet_parallax_layout_list&quot;:[]}\">\n\t\t\t\t\t<div class=\"e-con-inner\">\n\t\t\t\t<div class=\"elementor-element elementor-element-03844d6 elementor-widget elementor-widget-heading\" data-id=\"03844d6\" data-element_type=\"widget\" data-e-type=\"widget\" data-widget_type=\"heading.default\">\n\t\t\t\t<div class=\"elementor-widget-container\">\n\t\t\t\t\t<h2 class=\"elementor-heading-title elementor-size-default\">Privacy Policy<\/h2>\t\t\t\t<\/div>\n\t\t\t\t<\/div>\n\t\t\t\t<div class=\"elementor-element elementor-element-745eb966 elementor-widget elementor-widget-text-editor\" data-id=\"745eb966\" data-element_type=\"widget\" data-e-type=\"widget\" data-widget_type=\"text-editor.default\">\n\t\t\t\t<div class=\"elementor-widget-container\">\n\t\t\t\t\t\t\t\t\t<ol>\n<li><span style=\"font-weight: 400;\"> INTRODUCTION<\/span><\/li>\n<\/ol>\n<p><span style=\"font-weight: 400;\">The \"Privacy Policy\" explains how we collect, process and store any personal data that belongs to you, i.e. information that allows us to identify you, such as your name, address, telephone number or email address. This information is referred to in this document as \"personal information\" or \"personal data\".<\/span><\/p>\n<ol start=\"2\">\n<li><span style=\"font-weight: 400;\"> INFORMATION WE COLLECT, HOW WE COLLECT IT AND HOW WE USE IT<\/span><\/li>\n<\/ol>\n<p><span style=\"font-weight: 400;\">2.1 Websites<\/span><\/p>\n<p><span style=\"font-weight: 400;\">Our websites can only be accessed by users who are of legal drinking age. For this reason, when you want to access our sites you must indicate whether you are of legal drinking age in your country. We only collect this information to allow you to access our sites. This information may be temporarily stored by the cookies we use so that the next time you visit our sites you don't have to do this again.<\/span><\/p>\n<p><span style=\"font-weight: 400;\">Our websites use cookies, web beacons, or unique device identifiers that allow us to identify your computer or device, including your browser, operating system and IP address, and track your use of our websites. We use this information to determine the number of users, to understand how users use the sites and to identify the journey made within them, with a view to continuous improvement so that we can provide you with an optimised experience.<\/span><\/p>\n<p><span style=\"font-weight: 400;\">For more information on the cookies and other technologies we use, please consult our cookie policy, available here.<\/span><\/p>\n<p><span style=\"font-weight: 400;\">2.2 Forms<\/span><\/p>\n<p><span style=\"font-weight: 400;\">By using the form available on www.ginjamariquinhas.com, your data will be passed on to Ginjoteca. The data collected (name, telephone number and e-mail address) will be stored in a specific Ginjoteca database and used for the purposes of the promotional action.<\/span><\/p>\n<p><span style=\"font-weight: 400;\">2.3 Data storage<\/span><\/p>\n<p><span style=\"font-weight: 400;\">The user declares that they expressly authorise Ginjoteca to store and process their data (name and email address) for the purposes of publicity and marketing campaigns. The personal data collected by Ginjoteca may be communicated to third parties for the same purposes.<\/span><\/p>\n<p><span style=\"font-weight: 400;\">2.4 Data on minors<\/span><\/p>\n<p><span style=\"font-weight: 400;\">We do not contact or collect information from individuals under the legal drinking age intentionally. If you become aware that we have inadvertently collected such information, please contact us so that we can obtain proper parental consent or remove the information.<\/span><\/p>\n<p><span style=\"font-weight: 400;\">We do not share your data with other companies.<\/span><\/p>\n<ol start=\"4\">\n<li><span style=\"font-weight: 400;\"> HOW DO WE PROTECT YOUR PERSONAL INFORMATION?<\/span><\/li>\n<\/ol>\n<p><span style=\"font-weight: 400;\">We have implemented the necessary security measures to ensure the confidentiality of the personal data we collect and process, as well as to prevent unauthorised disclosure, unauthorised access, loss or destruction of personal data. It should be emphasised, however, that no security or encryption method can guarantee total protection of information against hackers or human error.<\/span><\/p>\n<ol start=\"5\">\n<li><span style=\"font-weight: 400;\"> YOUR RIGHTS IN RELATION TO YOUR PERSONAL INFORMATION<\/span><\/li>\n<\/ol>\n<p><span style=\"font-weight: 400;\">You can exercise your rights of access, rectification, deletion, limitation and\/or portability by sending a written communication, accompanied by a document proving your identity and\/or the data to be rectified, if applicable, to the following e-mail address: lojaonline@licobidos.com.<\/span><\/p>\n<p><span style=\"font-weight: 400;\">Any objection to the processing of data referred to herein that is communicated to Ginjoteca after it has begun will only take effect from the date of receipt of such communication, and will not affect the legitimacy of the processing carried out until then.<\/span><\/p>\n<p><span style=\"font-weight: 400;\">With regard to exercising the right to data portability, please note that, under the terms of the applicable legislation, this only applies to data collected on the basis of your consent.<\/span><\/p>\n<ol start=\"6\">\n<li><span style=\"font-weight: 400;\"> HOW TO CONTACT US<\/span><\/li>\n<\/ol>\n<p><span style=\"font-weight: 400;\">If you have any questions or concerns about our privacy policy, please contact us at: lojaonline@licobidos.com.<\/span><\/p>\n<p><span style=\"font-weight: 400;\">Ginjoteca &#8211; Atividades Hoteleiras e Tur\u00edsticas, Lda.<\/span><\/p>\n<p><span style=\"font-weight: 400;\">Rua Joaquim Vieira, N.\u00ba 8, Sanguinhal | 2540-454 Carvalhal, Bombarral.<\/span><\/p>\n<ol start=\"7\">\n<li><span style=\"font-weight: 400;\"> COMPLAINTS<\/span><\/li>\n<\/ol>\n<p><span style=\"font-weight: 400;\">We hope you have no complaints about us or our services. However, if you are dissatisfied with our use of your personal information please contact us at lojaonline@licobidos.com.<\/span><\/p>\n<p><span style=\"font-weight: 400;\">You can also lodge a complaint with the National Data Protection Commission (CNPD) if you believe that the data we process does not comply with the applicable legislation.<\/span><\/p>\n<ol start=\"8\">\n<li><span style=\"font-weight: 400;\"> SPECIAL SITUATIONS<\/span><\/li>\n<\/ol>\n<p><span style=\"font-weight: 400;\">In order to provide the service we may need to make personal and anonymised information available to third parties. This will only happen, however, in these specific circumstances:<\/span><\/p>\n<ol>\n<li><span style=\"font-weight: 400;\"> with your express consent;<\/span><\/li>\n<li><span style=\"font-weight: 400;\"> when in good faith we believe it to be required by law;<\/span><\/li>\n<li><span style=\"font-weight: 400;\"> when we believe in good faith that it is necessary to protect our rights or property;<\/span><\/li>\n<li><span style=\"font-weight: 400;\"> when there is a transfer to a successor or buyer, in a merger, acquisition, liquidation, dissolution or sale of assets.<\/span><\/li>\n<\/ol>\n<p><span style=\"font-weight: 400;\">Your consent will not be required for disclosure in the situations referred to in points b) to d); in any case, we will always endeavour to notify you to the extent that this is possible by law.<\/span><\/p>\n<p><span style=\"font-weight: 400;\">This Privacy Policy was last updated on 28 November 2023 but may change from time to time. If the Privacy Policy changes, we will post a notice on our websites. If the change affects registered users, we will send a notification via email, push notification or text.<\/span><\/p>\t\t\t\t\t\t\t\t<\/div>\n\t\t\t\t<\/div>\n\t\t\t\t\t<\/div>\n\t\t\t\t<\/div>\n\t\t\t\t<\/div>","protected":false},"excerpt":{"rendered":"<p>Pol\u00edtica de Privacidade INTRODU\u00c7\u00c3O A \u201cPol\u00edtica de Privacidade\u201d, explica como recolhemos, processamos e armazenamos qualquer dado pessoal que lhe perten\u00e7a, ou seja, informa\u00e7\u00e3o que permite identific\u00e1-lo, como o nome, a morada, o n\u00famero de telefone ou o email. Esta informa\u00e7\u00e3o \u00e9 referida neste documento como \u201cinforma\u00e7\u00e3o pessoal\u201d ou \u201cdados pessoais\u201d. INFORMA\u00c7\u00c3O QUE RECOLHEMOS, COMO A [&hellip;]<\/p>\n","protected":false},"author":2,"featured_media":0,"parent":0,"menu_order":0,"comment_status":"closed","ping_status":"closed","template":"","meta":{"footnotes":""},"class_list":["post-3","page","type-page","status-publish","hentry"],"yoast_head":"<!-- This site is optimized with the Yoast SEO plugin v27.5 - https:\/\/yoast.com\/product\/yoast-seo-wordpress\/ -->\n<title>Pol\u00edtica de Privacidade - Ginja Mariquinhas<\/title>\n<meta name=\"robots\" content=\"index, follow, max-snippet:-1, max-image-preview:large, max-video-preview:-1\" \/>\n<link rel=\"canonical\" href=\"https:\/\/www.ginjamariquinhas.com\/en\/politica-de-privacidade\/\" \/>\n<meta property=\"og:locale\" content=\"en_GB\" \/>\n<meta property=\"og:type\" content=\"article\" \/>\n<meta property=\"og:title\" content=\"Pol\u00edtica de Privacidade - Ginja Mariquinhas\" \/>\n<meta property=\"og:description\" content=\"Pol\u00edtica de Privacidade INTRODU\u00c7\u00c3O A \u201cPol\u00edtica de Privacidade\u201d, explica como recolhemos, processamos e armazenamos qualquer dado pessoal que lhe perten\u00e7a, ou seja, informa\u00e7\u00e3o que permite identific\u00e1-lo, como o nome, a morada, o n\u00famero de telefone ou o email. Esta informa\u00e7\u00e3o \u00e9 referida neste documento como \u201cinforma\u00e7\u00e3o pessoal\u201d ou \u201cdados pessoais\u201d. INFORMA\u00c7\u00c3O QUE RECOLHEMOS, COMO A [&hellip;]\" \/>\n<meta property=\"og:url\" content=\"https:\/\/www.ginjamariquinhas.com\/en\/politica-de-privacidade\/\" \/>\n<meta property=\"og:site_name\" content=\"Ginja Mariquinhas\" \/>\n<meta property=\"article:publisher\" content=\"https:\/\/www.facebook.com\/ginjamariquinhas\" \/>\n<meta property=\"article:modified_time\" content=\"2023-11-29T09:52:29+00:00\" \/>\n<meta name=\"twitter:card\" content=\"summary_large_image\" \/>\n<meta name=\"twitter:label1\" content=\"Estimated reading time\" \/>\n\t<meta name=\"twitter:data1\" content=\"5 minutes\" \/>\n<script type=\"application\/ld+json\" class=\"yoast-schema-graph\">{\"@context\":\"https:\\\/\\\/schema.org\",\"@graph\":[{\"@type\":\"WebPage\",\"@id\":\"https:\\\/\\\/www.ginjamariquinhas.com\\\/politica-de-privacidade\\\/\",\"url\":\"https:\\\/\\\/www.ginjamariquinhas.com\\\/politica-de-privacidade\\\/\",\"name\":\"Pol\u00edtica de Privacidade - Ginja Mariquinhas\",\"isPartOf\":{\"@id\":\"https:\\\/\\\/www.ginjamariquinhas.com\\\/#website\"},\"datePublished\":\"2023-11-14T10:01:22+00:00\",\"dateModified\":\"2023-11-29T09:52:29+00:00\",\"breadcrumb\":{\"@id\":\"https:\\\/\\\/www.ginjamariquinhas.com\\\/politica-de-privacidade\\\/#breadcrumb\"},\"inLanguage\":\"en-GB\",\"potentialAction\":[{\"@type\":\"ReadAction\",\"target\":[\"https:\\\/\\\/www.ginjamariquinhas.com\\\/politica-de-privacidade\\\/\"]}]},{\"@type\":\"BreadcrumbList\",\"@id\":\"https:\\\/\\\/www.ginjamariquinhas.com\\\/politica-de-privacidade\\\/#breadcrumb\",\"itemListElement\":[{\"@type\":\"ListItem\",\"position\":1,\"name\":\"In\u00edcio\",\"item\":\"https:\\\/\\\/www.ginjamariquinhas.com\\\/\"},{\"@type\":\"ListItem\",\"position\":2,\"name\":\"Pol\u00edtica de Privacidade\"}]},{\"@type\":\"WebSite\",\"@id\":\"https:\\\/\\\/www.ginjamariquinhas.com\\\/#website\",\"url\":\"https:\\\/\\\/www.ginjamariquinhas.com\\\/\",\"name\":\"Ginja Mariquinhas\",\"description\":\"Licor de Ginja 100% Portugu\u00eas\",\"publisher\":{\"@id\":\"https:\\\/\\\/www.ginjamariquinhas.com\\\/#organization\"},\"potentialAction\":[{\"@type\":\"SearchAction\",\"target\":{\"@type\":\"EntryPoint\",\"urlTemplate\":\"https:\\\/\\\/www.ginjamariquinhas.com\\\/?s={search_term_string}\"},\"query-input\":{\"@type\":\"PropertyValueSpecification\",\"valueRequired\":true,\"valueName\":\"search_term_string\"}}],\"inLanguage\":\"en-GB\"},{\"@type\":\"Organization\",\"@id\":\"https:\\\/\\\/www.ginjamariquinhas.com\\\/#organization\",\"name\":\"Ginja Mariquinhas\",\"url\":\"https:\\\/\\\/www.ginjamariquinhas.com\\\/\",\"logo\":{\"@type\":\"ImageObject\",\"inLanguage\":\"en-GB\",\"@id\":\"https:\\\/\\\/www.ginjamariquinhas.com\\\/#\\\/schema\\\/logo\\\/image\\\/\",\"url\":\"https:\\\/\\\/www.ginjamariquinhas.com\\\/wp-content\\\/uploads\\\/2023\\\/11\\\/ginja-mariquinhas-logo-cor@2x.png\",\"contentUrl\":\"https:\\\/\\\/www.ginjamariquinhas.com\\\/wp-content\\\/uploads\\\/2023\\\/11\\\/ginja-mariquinhas-logo-cor@2x.png\",\"width\":699,\"height\":507,\"caption\":\"Ginja Mariquinhas\"},\"image\":{\"@id\":\"https:\\\/\\\/www.ginjamariquinhas.com\\\/#\\\/schema\\\/logo\\\/image\\\/\"},\"sameAs\":[\"https:\\\/\\\/www.facebook.com\\\/ginjamariquinhas\",\"https:\\\/\\\/www.instagram.com\\\/ginjamariquinhas\\\/\"]}]}<\/script>\n<!-- \/ Yoast SEO plugin. -->","yoast_head_json":{"title":"Pol\u00edtica de Privacidade - Ginja Mariquinhas","robots":{"index":"index","follow":"follow","max-snippet":"max-snippet:-1","max-image-preview":"max-image-preview:large","max-video-preview":"max-video-preview:-1"},"canonical":"https:\/\/www.ginjamariquinhas.com\/en\/politica-de-privacidade\/","og_locale":"en_GB","og_type":"article","og_title":"Pol\u00edtica de Privacidade - Ginja Mariquinhas","og_description":"Pol\u00edtica de Privacidade INTRODU\u00c7\u00c3O A \u201cPol\u00edtica de Privacidade\u201d, explica como recolhemos, processamos e armazenamos qualquer dado pessoal que lhe perten\u00e7a, ou seja, informa\u00e7\u00e3o que permite identific\u00e1-lo, como o nome, a morada, o n\u00famero de telefone ou o email. Esta informa\u00e7\u00e3o \u00e9 referida neste documento como \u201cinforma\u00e7\u00e3o pessoal\u201d ou \u201cdados pessoais\u201d. INFORMA\u00c7\u00c3O QUE RECOLHEMOS, COMO A [&hellip;]","og_url":"https:\/\/www.ginjamariquinhas.com\/en\/politica-de-privacidade\/","og_site_name":"Ginja Mariquinhas","article_publisher":"https:\/\/www.facebook.com\/ginjamariquinhas","article_modified_time":"2023-11-29T09:52:29+00:00","twitter_card":"summary_large_image","twitter_misc":{"Estimated reading time":"5 minutes"},"schema":{"@context":"https:\/\/schema.org","@graph":[{"@type":"WebPage","@id":"https:\/\/www.ginjamariquinhas.com\/politica-de-privacidade\/","url":"https:\/\/www.ginjamariquinhas.com\/politica-de-privacidade\/","name":"Pol\u00edtica de Privacidade - Ginja Mariquinhas","isPartOf":{"@id":"https:\/\/www.ginjamariquinhas.com\/#website"},"datePublished":"2023-11-14T10:01:22+00:00","dateModified":"2023-11-29T09:52:29+00:00","breadcrumb":{"@id":"https:\/\/www.ginjamariquinhas.com\/politica-de-privacidade\/#breadcrumb"},"inLanguage":"en-GB","potentialAction":[{"@type":"ReadAction","target":["https:\/\/www.ginjamariquinhas.com\/politica-de-privacidade\/"]}]},{"@type":"BreadcrumbList","@id":"https:\/\/www.ginjamariquinhas.com\/politica-de-privacidade\/#breadcrumb","itemListElement":[{"@type":"ListItem","position":1,"name":"In\u00edcio","item":"https:\/\/www.ginjamariquinhas.com\/"},{"@type":"ListItem","position":2,"name":"Pol\u00edtica de Privacidade"}]},{"@type":"WebSite","@id":"https:\/\/www.ginjamariquinhas.com\/#website","url":"https:\/\/www.ginjamariquinhas.com\/","name":"Ginja Mariquinhas","description":"Licor de Ginja 100% Portugu\u00eas","publisher":{"@id":"https:\/\/www.ginjamariquinhas.com\/#organization"},"potentialAction":[{"@type":"SearchAction","target":{"@type":"EntryPoint","urlTemplate":"https:\/\/www.ginjamariquinhas.com\/?s={search_term_string}"},"query-input":{"@type":"PropertyValueSpecification","valueRequired":true,"valueName":"search_term_string"}}],"inLanguage":"en-GB"},{"@type":"Organization","@id":"https:\/\/www.ginjamariquinhas.com\/#organization","name":"Ginja Mariquinhas","url":"https:\/\/www.ginjamariquinhas.com\/","logo":{"@type":"ImageObject","inLanguage":"en-GB","@id":"https:\/\/www.ginjamariquinhas.com\/#\/schema\/logo\/image\/","url":"https:\/\/www.ginjamariquinhas.com\/wp-content\/uploads\/2023\/11\/ginja-mariquinhas-logo-cor@2x.png","contentUrl":"https:\/\/www.ginjamariquinhas.com\/wp-content\/uploads\/2023\/11\/ginja-mariquinhas-logo-cor@2x.png","width":699,"height":507,"caption":"Ginja Mariquinhas"},"image":{"@id":"https:\/\/www.ginjamariquinhas.com\/#\/schema\/logo\/image\/"},"sameAs":["https:\/\/www.facebook.com\/ginjamariquinhas","https:\/\/www.instagram.com\/ginjamariquinhas\/"]}]}},"_links":{"self":[{"href":"https:\/\/www.ginjamariquinhas.com\/en\/wp-json\/wp\/v2\/pages\/3","targetHints":{"allow":["GET"]}}],"collection":[{"href":"https:\/\/www.ginjamariquinhas.com\/en\/wp-json\/wp\/v2\/pages"}],"about":[{"href":"https:\/\/www.ginjamariquinhas.com\/en\/wp-json\/wp\/v2\/types\/page"}],"author":[{"embeddable":true,"href":"https:\/\/www.ginjamariquinhas.com\/en\/wp-json\/wp\/v2\/users\/2"}],"replies":[{"embeddable":true,"href":"https:\/\/www.ginjamariquinhas.com\/en\/wp-json\/wp\/v2\/comments?post=3"}],"version-history":[{"count":10,"href":"https:\/\/www.ginjamariquinhas.com\/en\/wp-json\/wp\/v2\/pages\/3\/revisions"}],"predecessor-version":[{"id":1015,"href":"https:\/\/www.ginjamariquinhas.com\/en\/wp-json\/wp\/v2\/pages\/3\/revisions\/1015"}],"wp:attachment":[{"href":"https:\/\/www.ginjamariquinhas.com\/en\/wp-json\/wp\/v2\/media?parent=3"}],"curies":[{"name":"wp","href":"https:\/\/api.w.org\/{rel}","templated":true}]}}