{"id":581,"date":"2023-11-23T15:26:48","date_gmt":"2023-11-23T15:26:48","guid":{"rendered":"https:\/\/www.ginjamariquinhas.com\/?page_id=581"},"modified":"2023-12-22T14:14:00","modified_gmt":"2023-12-22T14:14:00","slug":"termos-e-condicoes","status":"publish","type":"page","link":"https:\/\/www.ginjamariquinhas.com\/en\/termos-e-condicoes\/","title":{"rendered":"Terms and conditions"},"content":{"rendered":"<div data-elementor-type=\"wp-page\" data-elementor-id=\"581\" class=\"elementor elementor-581\">\n\t\t\t\t<div class=\"elementor-element elementor-element-4c0914a e-flex e-con-boxed e-con e-parent\" data-id=\"4c0914a\" data-element_type=\"container\" data-e-type=\"container\" data-settings=\"{&quot;jet_parallax_layout_list&quot;:[]}\">\n\t\t\t\t\t<div class=\"e-con-inner\">\n\t\t\t\t<div class=\"elementor-element elementor-element-5189cb1 elementor-widget elementor-widget-heading\" data-id=\"5189cb1\" data-element_type=\"widget\" data-e-type=\"widget\" data-widget_type=\"heading.default\">\n\t\t\t\t<div class=\"elementor-widget-container\">\n\t\t\t\t\t<h2 class=\"elementor-heading-title elementor-size-default\">Terms and conditions<\/h2>\t\t\t\t<\/div>\n\t\t\t\t<\/div>\n\t\t\t\t<div class=\"elementor-element elementor-element-bf656ed elementor-widget elementor-widget-text-editor\" data-id=\"bf656ed\" data-element_type=\"widget\" data-e-type=\"widget\" data-widget_type=\"text-editor.default\">\n\t\t\t\t<div class=\"elementor-widget-container\">\n\t\t\t\t\t\t\t\t\t<p><span style=\"font-weight: 400;\">Any use by the User of the website with the address https:\/\/www.ginjamariquinhas.com\/, operated by the company Ginjoteca, with the VAT number 515922501, is subject to the User's acceptance of these Terms and Conditions of Use (hereinafter Terms and Conditions). Ginjoteca may freely amend these Terms and Conditions without prior notice. It is the user's responsibility to review the Terms and Conditions each time they access this site.\u00a0<\/span><\/p><p><span style=\"font-weight: 400;\">The www.ginjamariquinhas.com website is intended for use by the User only if they are of legal age to consume alcoholic beverages in their country of residence and in the country where they are accessing the website. Otherwise, the User may be in breach of the laws or regulations applicable in their country of residence or in their country of access and should leave the site immediately.<\/span><\/p><p><span style=\"font-weight: 400;\">IF YOU DO NOT ACCEPT THESE TERMS AND CONDITIONS, YOU MUST LEAVE THE SITE IMMEDIATELY.<\/span><\/p><p><span style=\"font-weight: 400;\">USE OF MATERIALS<\/span><\/p><p><span style=\"font-weight: 400;\">The User may print material contained on the site, provided that all the following conditions are respected:<\/span><\/p><ol><li><span style=\"font-weight: 400;\"> Strictly personal use of the material, excluding any commercial use;<\/span><\/li><li><span style=\"font-weight: 400;\"> Failure to remove from the material any indication of copyright or other indication of ownership;<\/span><\/li><li><span style=\"font-weight: 400;\"> Indication of the source;<\/span><\/li><li><span style=\"font-weight: 400;\"> No changes to the material;<\/span><\/li><li><span style=\"font-weight: 400;\"> The user's location in a country or territory where the consumption of alcoholic beverages is permitted;<\/span><\/li><li><span style=\"font-weight: 400;\"> The User is of legal age to consume alcoholic beverages in the country or territory where they are located.<\/span><\/li><\/ol><p><span style=\"font-weight: 400;\">COPYRIGHT AND OTHER PROPERTY RIGHTS<\/span><\/p><p><span style=\"font-weight: 400;\">The content of this website, including brands, designs, logos, text, images, audio and video materials, is the property of Lic\u00f3bidos - Fabrico Artesanal de Licores, Lda, (hereinafter Lic\u00f3bidos) unless otherwise indicated, and is protected under the general terms of the law and by national and international legislation for the protection of Intellectual Property. You may not display, reproduce, distribute, modify, transmit or use the contents in any way for any public or commercial purpose without the prior express written consent of Lic\u00f3bidos.<\/span><\/p><p><span style=\"font-weight: 400;\">CONTENTS AND GUARANTEES<\/span><\/p><p><span style=\"font-weight: 400;\">The information on this website has been included in good faith and is for general information purposes only, and its use is at the User's sole risk.<\/span><\/p><p><span style=\"font-weight: 400;\">This website and its content is provided without guarantees of any kind to the User, whether express or implied, including, but not limited to, guarantees of commercialisation, non-infringement of third party rights and suitability for a particular purpose. Likewise, no guarantee is given that access to this website will be uninterrupted or free of errors or disruptions, free of viruses or other harmful material, or that the information on these websites is complete, accurate or current.<\/span><\/p><p><span style=\"font-weight: 400;\">Ginjoteca reserves the right to make changes and corrections, suspend or close the site when it deems appropriate and without prior notice to any member or organisation. Ginjoteca also reserves the right to restrict or prevent the User's access to this site or any part of it at any time, with or without prior notification.<\/span><\/p><p><span style=\"font-weight: 400;\">LIMITATION OF LIABILITY<\/span><\/p><p><span style=\"font-weight: 400;\">To the maximum extent permitted by applicable law, Ginjoteca including, but not limited to, all its legal representatives, administrators, collaborators and promoters, as well as any other party involved in the creation, production, maintenance or implementation of this website, shall not be liable to the User of the website for any possible damage, loss or injury (including any loss of profit and moral, indirect, accidental or consequential loss) arising from the correct or incorrect use of this website and its content, access to the user's computer or computer system by third parties, viruses, etc, regardless of whether Ginjoteca has been negligent or not or has been notified of the possibility of such damage.<\/span><\/p><p><span style=\"font-weight: 400;\">LINKS TO OTHER SITES<\/span><\/p><p><span style=\"font-weight: 400;\">This website contains links to third-party websites. These links are provided solely for the convenience and accessibility of the User. Ginjoteca does not endorse the content of any of these third-party sites and is not responsible for the content of any of these sites. Accessing and visiting any of these third-party sites is at the User's own risk.<\/span><\/p><p><span style=\"font-weight: 400;\">INDEMNISATION<\/span><\/p><p><span style=\"font-weight: 400;\">The User of this website agrees to defend, indemnify and hold harmless Ginjoteca from and against any claim or request made by any third party, and from all associated obligations, damages, costs and expenses arising out of or relating to their use of this website, content that the User transmits to this website, infringement by the User of any third party rights or breach by the User of the Terms and Conditions.<\/span><\/p><p><span style=\"font-weight: 400;\">JURISDICTION AND APPLICABLE LAW<\/span><\/p><p><span style=\"font-weight: 400;\">These Terms and Conditions shall be interpreted and applied in accordance with Portuguese law. The User irrevocably consents to the jurisdiction of the courts located in Portugal for any action arising out of or relating to the Terms and Conditions or the use of this website.<\/span><\/p><p><span style=\"font-weight: 400;\">MATERIALS SENT BY THE USER<\/span><\/p><p><span style=\"font-weight: 400;\">Any information or material sent by the User to the www.ginjamariquinhas.com website, whether by e-mail, message to a discussion group, sending a file or in any other way, will be considered non-confidential and non-reserved. The User agrees that any information or material they send to the site, whether ideas, creative concepts, know-how, development processes, production and commercialisation of products or other materials and techniques, may be used, reproduced and disseminated by Ginjoteca without any restriction, for whatever purpose Ginjoteca deems appropriate, without payment of any amount or disclosure of the source of the information in question. The User also declares that they irrevocably waive \"moral rights\" to any material they publish on the site. To the maximum extent permitted by law, Ginjoteca assumes no liability for any loss or damage suffered by the User as a result of Ginjoteca's use or disclosure of the materials \/ information in question. This paragraph does not affect any rights that the User may have under the Personal Data Protection Act aimed at protecting their personal information or the Act of a similar nature, to the extent that such rights cannot be excluded.<\/span><\/p><p><span style=\"font-weight: 400;\">The User agrees not to transmit to the site any illicit, threatening, accusatory, defamatory, obscene, scandalous, pornographic or profane content or any other content that could constitute or promote any conduct in violation of the Law. Ginjoteca will co-operate with the competent judicial authorities.<\/span><\/p><p><span style=\"font-weight: 400;\">COUNTDOWN<\/span><\/p><p><span style=\"font-weight: 400;\">Any countdown displayed on this website is strictly decorative and intended for entertainment purposes only. We do not guarantee its accuracy and cannot be held responsible for any use made of it.<\/span><\/p><p><span style=\"font-weight: 400;\">SHIPPING COSTS<\/span><span style=\"font-weight: 400;\"><br \/><\/span><span style=\"font-weight: 400;\">Shipping costs are calculated at the end of each order according to its weight. However, postage is free for orders over 30\u20ac. These conditions only apply to orders with a shipping address in mainland Portugal.<\/span><\/p><p><span style=\"font-weight: 400;\">RECEPTION<\/span><span style=\"font-weight: 400;\"><br \/><\/span><span style=\"font-weight: 400;\">Delivery and receipt times may be extended due to exceptional circumstances, such as festive seasons. The deadlines indicated by distributors for periods of normal operation are listed below:<\/span><\/p><p><span style=\"font-weight: 400;\">Mainland Portugal: 1 to 4 working days after dispatch, dispatches and deliveries in working days.<\/span><\/p><p><span style=\"font-weight: 400;\">These Terms and Conditions shall be interpreted and applied in accordance with Portuguese law. The User irrevocably consents to the jurisdiction of the courts located in Portugal for any action arising out of or relating to the Terms and Conditions or the use of this website.<\/span><\/p><p><span style=\"font-weight: 400;\">DISPUTE RESOLUTION<\/span><\/p><p>For the resolution of any disputes arising from the validity, conclusion, execution, non-compliance, cancellation or interpretation of the Purchase Contract, the District Court of Leiria shall have exclusive jurisdiction, without prejudice to the applicable mandatory legal rules.<\/p><p>Ginjoteca informs consumers that a European platform for the online resolution of consumer disputes (the so-called ODR platform) has been established. The ODR platform can be consulted at the following address <a href=\"http:\/\/ec.europa.eu\/consumers\/odr\/\">http:\/\/ec.europa.eu\/consumers\/odr\/<\/a>); through the ODR platform, the consumer can consult the list of ODR organisations, find the link to each one's website and start an online dispute resolution procedure for the dispute in which they are involved.<\/p><p>Consumers can also turn to the following alternative dispute resolution organisations:<\/p><p>- CNIACC - National Centre for Consumer Conflict Information and Arbitration, Tel.: 213 847 484; E-mail:\u00a0<a href=\"mailto:cniacc@fd.unl.pt\">cniacc@fd.unl.pt<\/a><\/p><p>- CIMAAL - Algarve Consumer Conflict Information, Mediation and Arbitration Centre, Tel.: 289 823 135; E-mail: cimaal@mail.telepac.pt;\u00a0<a href=\"mailto:info@consumoalgarve.pt\">info@consumoalgarve.pt<\/a><\/p><p>- Consumer Conflict Arbitration Centre of the District of Coimbra, Tel.: 239 821 690\/289. E-mail:\u00a0<a href=\"mailto:geral@centrodearbitragemdecoimbra.com\">geral@centrodearbitragemdecoimbra.com<\/a><\/p><p>\u2013 Centro de Arbitragem de Conflitos de Consumo de Lisboa Tel.: 218807030. E-mail: juridico@centroarbitragemlisboa.pt;\u00a0<a href=\"mailto:director@centroarbitragemlisboa.pt\">director@centroarbitragemlisboa.pt<\/a><\/p><p>- Porto Consumer Information and Arbitration Centre, Tel.: 225 508 349 \/ 225 029 791; E-mail:\u00a0<a href=\"mailto:cicap@mail.telepac.pt\">cicap@mail.telepac.pt<\/a><\/p><p>\u2013 Centro de Arbitragem de Conflitos de Consumo do Vale do Ave\/Tribunal Arbitral, Tel.: 253 422 410; E-mail:\u00a0<a href=\"mailto:triave@gmail.com\">triave@gmail.com<\/a><\/p><p>- Consumer Information, Mediation and Arbitration Centre (Consumer Arbitration Court), Tel.: 253 617 604; E-mail:\u00a0<a href=\"mailto:geral@ciab.pt\">geral@ciab.pt<\/a><\/p><p>- Consumer Conflict Arbitration Centre of the Autonomous Region of Madeira, Tel.: 291 215 070; E-mail:\u00a0<a href=\"mailto:centroarbitragem.srias@madeira.gov.pt\">centroarbitragem.srias@madeira.gov.pt<\/a>.<\/p>\t\t\t\t\t\t\t\t<\/div>\n\t\t\t\t<\/div>\n\t\t\t\t\t<\/div>\n\t\t\t\t<\/div>\n\t\t\t\t<\/div>","protected":false},"excerpt":{"rendered":"<p>Termos e Condi\u00e7\u00f5es Qualquer utiliza\u00e7\u00e3o por parte do Utilizador do site de Internet com o endere\u00e7o https:\/\/www.ginjamariquinhas.com\/, operado pela empresa Ginjoteca, com o NIF 515922501, est\u00e1 condicionado \u00e0 aceita\u00e7\u00e3o por parte do Utilizador dos presentes Termos e Condi\u00e7\u00f5es de Utiliza\u00e7\u00e3o (adiante Termos e Condi\u00e7\u00f5es). A Ginjoteca poder\u00e1 vir a alterar livremente, e sem necessidade de [&hellip;]<\/p>\n","protected":false},"author":2,"featured_media":0,"parent":0,"menu_order":0,"comment_status":"closed","ping_status":"closed","template":"","meta":{"footnotes":""},"class_list":["post-581","page","type-page","status-publish","hentry"],"yoast_head":"<!-- This site is optimized with the Yoast SEO plugin v27.5 - https:\/\/yoast.com\/product\/yoast-seo-wordpress\/ -->\n<title>Termos e Condi\u00e7\u00f5es - Ginja Mariquinhas<\/title>\n<meta name=\"robots\" content=\"index, follow, max-snippet:-1, max-image-preview:large, max-video-preview:-1\" \/>\n<link rel=\"canonical\" href=\"https:\/\/www.ginjamariquinhas.com\/en\/termos-e-condicoes\/\" \/>\n<meta property=\"og:locale\" content=\"en_GB\" \/>\n<meta property=\"og:type\" content=\"article\" \/>\n<meta property=\"og:title\" content=\"Termos e Condi\u00e7\u00f5es - Ginja Mariquinhas\" \/>\n<meta property=\"og:description\" content=\"Termos e Condi\u00e7\u00f5es Qualquer utiliza\u00e7\u00e3o por parte do Utilizador do site de Internet com o endere\u00e7o https:\/\/www.ginjamariquinhas.com\/, operado pela empresa Ginjoteca, com o NIF 515922501, est\u00e1 condicionado \u00e0 aceita\u00e7\u00e3o por parte do Utilizador dos presentes Termos e Condi\u00e7\u00f5es de Utiliza\u00e7\u00e3o (adiante Termos e Condi\u00e7\u00f5es). A Ginjoteca poder\u00e1 vir a alterar livremente, e sem necessidade de [&hellip;]\" \/>\n<meta property=\"og:url\" content=\"https:\/\/www.ginjamariquinhas.com\/en\/termos-e-condicoes\/\" \/>\n<meta property=\"og:site_name\" content=\"Ginja Mariquinhas\" \/>\n<meta property=\"article:publisher\" content=\"https:\/\/www.facebook.com\/ginjamariquinhas\" \/>\n<meta property=\"article:modified_time\" content=\"2023-12-22T14:14:00+00:00\" \/>\n<meta name=\"twitter:card\" content=\"summary_large_image\" \/>\n<meta name=\"twitter:label1\" content=\"Estimated reading time\" \/>\n\t<meta name=\"twitter:data1\" content=\"9 minutes\" \/>\n<script type=\"application\/ld+json\" class=\"yoast-schema-graph\">{\"@context\":\"https:\\\/\\\/schema.org\",\"@graph\":[{\"@type\":\"WebPage\",\"@id\":\"https:\\\/\\\/www.ginjamariquinhas.com\\\/termos-e-condicoes\\\/\",\"url\":\"https:\\\/\\\/www.ginjamariquinhas.com\\\/termos-e-condicoes\\\/\",\"name\":\"Termos e Condi\u00e7\u00f5es - Ginja Mariquinhas\",\"isPartOf\":{\"@id\":\"https:\\\/\\\/www.ginjamariquinhas.com\\\/#website\"},\"datePublished\":\"2023-11-23T15:26:48+00:00\",\"dateModified\":\"2023-12-22T14:14:00+00:00\",\"breadcrumb\":{\"@id\":\"https:\\\/\\\/www.ginjamariquinhas.com\\\/termos-e-condicoes\\\/#breadcrumb\"},\"inLanguage\":\"en-GB\",\"potentialAction\":[{\"@type\":\"ReadAction\",\"target\":[\"https:\\\/\\\/www.ginjamariquinhas.com\\\/termos-e-condicoes\\\/\"]}]},{\"@type\":\"BreadcrumbList\",\"@id\":\"https:\\\/\\\/www.ginjamariquinhas.com\\\/termos-e-condicoes\\\/#breadcrumb\",\"itemListElement\":[{\"@type\":\"ListItem\",\"position\":1,\"name\":\"In\u00edcio\",\"item\":\"https:\\\/\\\/www.ginjamariquinhas.com\\\/\"},{\"@type\":\"ListItem\",\"position\":2,\"name\":\"Termos e Condi\u00e7\u00f5es\"}]},{\"@type\":\"WebSite\",\"@id\":\"https:\\\/\\\/www.ginjamariquinhas.com\\\/#website\",\"url\":\"https:\\\/\\\/www.ginjamariquinhas.com\\\/\",\"name\":\"Ginja Mariquinhas\",\"description\":\"Licor de Ginja 100% Portugu\u00eas\",\"publisher\":{\"@id\":\"https:\\\/\\\/www.ginjamariquinhas.com\\\/#organization\"},\"potentialAction\":[{\"@type\":\"SearchAction\",\"target\":{\"@type\":\"EntryPoint\",\"urlTemplate\":\"https:\\\/\\\/www.ginjamariquinhas.com\\\/?s={search_term_string}\"},\"query-input\":{\"@type\":\"PropertyValueSpecification\",\"valueRequired\":true,\"valueName\":\"search_term_string\"}}],\"inLanguage\":\"en-GB\"},{\"@type\":\"Organization\",\"@id\":\"https:\\\/\\\/www.ginjamariquinhas.com\\\/#organization\",\"name\":\"Ginja Mariquinhas\",\"url\":\"https:\\\/\\\/www.ginjamariquinhas.com\\\/\",\"logo\":{\"@type\":\"ImageObject\",\"inLanguage\":\"en-GB\",\"@id\":\"https:\\\/\\\/www.ginjamariquinhas.com\\\/#\\\/schema\\\/logo\\\/image\\\/\",\"url\":\"https:\\\/\\\/www.ginjamariquinhas.com\\\/wp-content\\\/uploads\\\/2023\\\/11\\\/ginja-mariquinhas-logo-cor@2x.png\",\"contentUrl\":\"https:\\\/\\\/www.ginjamariquinhas.com\\\/wp-content\\\/uploads\\\/2023\\\/11\\\/ginja-mariquinhas-logo-cor@2x.png\",\"width\":699,\"height\":507,\"caption\":\"Ginja Mariquinhas\"},\"image\":{\"@id\":\"https:\\\/\\\/www.ginjamariquinhas.com\\\/#\\\/schema\\\/logo\\\/image\\\/\"},\"sameAs\":[\"https:\\\/\\\/www.facebook.com\\\/ginjamariquinhas\",\"https:\\\/\\\/www.instagram.com\\\/ginjamariquinhas\\\/\"]}]}<\/script>\n<!-- \/ Yoast SEO plugin. -->","yoast_head_json":{"title":"Termos e Condi\u00e7\u00f5es - Ginja Mariquinhas","robots":{"index":"index","follow":"follow","max-snippet":"max-snippet:-1","max-image-preview":"max-image-preview:large","max-video-preview":"max-video-preview:-1"},"canonical":"https:\/\/www.ginjamariquinhas.com\/en\/termos-e-condicoes\/","og_locale":"en_GB","og_type":"article","og_title":"Termos e Condi\u00e7\u00f5es - Ginja Mariquinhas","og_description":"Termos e Condi\u00e7\u00f5es Qualquer utiliza\u00e7\u00e3o por parte do Utilizador do site de Internet com o endere\u00e7o https:\/\/www.ginjamariquinhas.com\/, operado pela empresa Ginjoteca, com o NIF 515922501, est\u00e1 condicionado \u00e0 aceita\u00e7\u00e3o por parte do Utilizador dos presentes Termos e Condi\u00e7\u00f5es de Utiliza\u00e7\u00e3o (adiante Termos e Condi\u00e7\u00f5es). A Ginjoteca poder\u00e1 vir a alterar livremente, e sem necessidade de [&hellip;]","og_url":"https:\/\/www.ginjamariquinhas.com\/en\/termos-e-condicoes\/","og_site_name":"Ginja Mariquinhas","article_publisher":"https:\/\/www.facebook.com\/ginjamariquinhas","article_modified_time":"2023-12-22T14:14:00+00:00","twitter_card":"summary_large_image","twitter_misc":{"Estimated reading time":"9 minutes"},"schema":{"@context":"https:\/\/schema.org","@graph":[{"@type":"WebPage","@id":"https:\/\/www.ginjamariquinhas.com\/termos-e-condicoes\/","url":"https:\/\/www.ginjamariquinhas.com\/termos-e-condicoes\/","name":"Termos e Condi\u00e7\u00f5es - Ginja Mariquinhas","isPartOf":{"@id":"https:\/\/www.ginjamariquinhas.com\/#website"},"datePublished":"2023-11-23T15:26:48+00:00","dateModified":"2023-12-22T14:14:00+00:00","breadcrumb":{"@id":"https:\/\/www.ginjamariquinhas.com\/termos-e-condicoes\/#breadcrumb"},"inLanguage":"en-GB","potentialAction":[{"@type":"ReadAction","target":["https:\/\/www.ginjamariquinhas.com\/termos-e-condicoes\/"]}]},{"@type":"BreadcrumbList","@id":"https:\/\/www.ginjamariquinhas.com\/termos-e-condicoes\/#breadcrumb","itemListElement":[{"@type":"ListItem","position":1,"name":"In\u00edcio","item":"https:\/\/www.ginjamariquinhas.com\/"},{"@type":"ListItem","position":2,"name":"Termos e Condi\u00e7\u00f5es"}]},{"@type":"WebSite","@id":"https:\/\/www.ginjamariquinhas.com\/#website","url":"https:\/\/www.ginjamariquinhas.com\/","name":"Ginja Mariquinhas","description":"Licor de Ginja 100% Portugu\u00eas","publisher":{"@id":"https:\/\/www.ginjamariquinhas.com\/#organization"},"potentialAction":[{"@type":"SearchAction","target":{"@type":"EntryPoint","urlTemplate":"https:\/\/www.ginjamariquinhas.com\/?s={search_term_string}"},"query-input":{"@type":"PropertyValueSpecification","valueRequired":true,"valueName":"search_term_string"}}],"inLanguage":"en-GB"},{"@type":"Organization","@id":"https:\/\/www.ginjamariquinhas.com\/#organization","name":"Ginja Mariquinhas","url":"https:\/\/www.ginjamariquinhas.com\/","logo":{"@type":"ImageObject","inLanguage":"en-GB","@id":"https:\/\/www.ginjamariquinhas.com\/#\/schema\/logo\/image\/","url":"https:\/\/www.ginjamariquinhas.com\/wp-content\/uploads\/2023\/11\/ginja-mariquinhas-logo-cor@2x.png","contentUrl":"https:\/\/www.ginjamariquinhas.com\/wp-content\/uploads\/2023\/11\/ginja-mariquinhas-logo-cor@2x.png","width":699,"height":507,"caption":"Ginja Mariquinhas"},"image":{"@id":"https:\/\/www.ginjamariquinhas.com\/#\/schema\/logo\/image\/"},"sameAs":["https:\/\/www.facebook.com\/ginjamariquinhas","https:\/\/www.instagram.com\/ginjamariquinhas\/"]}]}},"_links":{"self":[{"href":"https:\/\/www.ginjamariquinhas.com\/en\/wp-json\/wp\/v2\/pages\/581","targetHints":{"allow":["GET"]}}],"collection":[{"href":"https:\/\/www.ginjamariquinhas.com\/en\/wp-json\/wp\/v2\/pages"}],"about":[{"href":"https:\/\/www.ginjamariquinhas.com\/en\/wp-json\/wp\/v2\/types\/page"}],"author":[{"embeddable":true,"href":"https:\/\/www.ginjamariquinhas.com\/en\/wp-json\/wp\/v2\/users\/2"}],"replies":[{"embeddable":true,"href":"https:\/\/www.ginjamariquinhas.com\/en\/wp-json\/wp\/v2\/comments?post=581"}],"version-history":[{"count":31,"href":"https:\/\/www.ginjamariquinhas.com\/en\/wp-json\/wp\/v2\/pages\/581\/revisions"}],"predecessor-version":[{"id":1344,"href":"https:\/\/www.ginjamariquinhas.com\/en\/wp-json\/wp\/v2\/pages\/581\/revisions\/1344"}],"wp:attachment":[{"href":"https:\/\/www.ginjamariquinhas.com\/en\/wp-json\/wp\/v2\/media?parent=581"}],"curies":[{"name":"wp","href":"https:\/\/api.w.org\/{rel}","templated":true}]}}